{"id":6,"date":"2014-12-18T12:52:57","date_gmt":"2014-12-18T13:52:57","guid":{"rendered":"http:\/\/erlebnisweg-honigbiene.ch\/?page_id=6"},"modified":"2024-11-30T09:25:19","modified_gmt":"2024-11-30T10:25:19","slug":"willkommen","status":"publish","type":"page","link":"https:\/\/erlebnisweg-honigbiene.ch\/","title":{"rendered":"willkommen"},"content":{"rendered":"\n<p>auf dem Erlebnisweg Honigbienen Rehetobel. <\/p>\n\n\n\n<p>Bienen nehmen im Kreislauf der Natur eine herausragende Rolle ein. Sie dienen uns mit ihren Best\u00e4ubungsleistungen und sind ein Zeiger f\u00fcr ein harmonisches Zusammengehen von Mensch und Natur. <a rel=\"noreferrer noopener\" href=\"http:\/\/erlebnisweg-honigbiene.ch\/wp-content\/uploads\/2024\/05\/240518_Flyer_neu_v1.pdf\" data-type=\"URL\" data-id=\"http:\/\/erlebnisweg-honigbiene.ch\/wp-content\/uploads\/2024\/05\/240518_Flyer_neu_v1.pdf\" target=\"_blank\">Link zum Flyer<\/a><\/p>\n\n\n\n<p>Jedes Jahr gibt es beim Erlebnisweg Honigbienen zwischen November und April eine Winterpause und die Tafeln werden eingelagert.<\/p>\n\n\n\n<div class=\"is-layout-flow wp-block-group\"><div class=\"wp-block-group__inner-container\">\n<div class=\"is-layout-flex wp-container-4 wp-block-columns\">\n<div class=\"is-layout-flow wp-block-column\" style=\"flex-basis:100%\">\n<figure class=\"is-layout-flex wp-block-gallery-1 wp-block-gallery has-nested-images columns-default is-cropped\">\n<figure class=\"wp-block-image size-medium is-style-default\"><a href=\"https:\/\/erlebnisweg-honigbiene.ch\/wp-content\/uploads\/2022\/04\/200719_AufdemWeg-4.jpg\"><img decoding=\"async\" loading=\"lazy\" width=\"300\" height=\"225\" src=\"https:\/\/erlebnisweg-honigbiene.ch\/wp-content\/uploads\/2022\/04\/200719_AufdemWeg-4-300x225.jpg\" alt=\"\" class=\"wp-image-300\" srcset=\"https:\/\/erlebnisweg-honigbiene.ch\/wp-content\/uploads\/2022\/04\/200719_AufdemWeg-4-300x225.jpg 300w, https:\/\/erlebnisweg-honigbiene.ch\/wp-content\/uploads\/2022\/04\/200719_AufdemWeg-4.jpg 640w\" sizes=\"(max-width: 300px) 100vw, 300px\" \/><\/a><\/figure>\n\n\n\n<figure class=\"wp-block-image size-medium is-style-default\"><a href=\"https:\/\/erlebnisweg-honigbiene.ch\/wp-content\/uploads\/2022\/04\/200719_AufdemWeg-17.jpg\"><img decoding=\"async\" loading=\"lazy\" width=\"300\" height=\"225\" src=\"https:\/\/erlebnisweg-honigbiene.ch\/wp-content\/uploads\/2022\/04\/200719_AufdemWeg-17-300x225.jpg\" alt=\"\" class=\"wp-image-301\" srcset=\"https:\/\/erlebnisweg-honigbiene.ch\/wp-content\/uploads\/2022\/04\/200719_AufdemWeg-17-300x225.jpg 300w, https:\/\/erlebnisweg-honigbiene.ch\/wp-content\/uploads\/2022\/04\/200719_AufdemWeg-17.jpg 640w\" sizes=\"(max-width: 300px) 100vw, 300px\" \/><\/a><\/figure>\n\n\n\n<figure class=\"wp-block-image size-medium is-style-default\"><a href=\"https:\/\/erlebnisweg-honigbiene.ch\/wp-content\/uploads\/2022\/04\/200719_AufdemWeg-25.jpg\"><img decoding=\"async\" loading=\"lazy\" width=\"300\" height=\"225\" src=\"https:\/\/erlebnisweg-honigbiene.ch\/wp-content\/uploads\/2022\/04\/200719_AufdemWeg-25-300x225.jpg\" alt=\"\" class=\"wp-image-302\" srcset=\"https:\/\/erlebnisweg-honigbiene.ch\/wp-content\/uploads\/2022\/04\/200719_AufdemWeg-25-300x225.jpg 300w, https:\/\/erlebnisweg-honigbiene.ch\/wp-content\/uploads\/2022\/04\/200719_AufdemWeg-25.jpg 640w\" sizes=\"(max-width: 300px) 100vw, 300px\" \/><\/a><\/figure>\n\n\n\n<figure class=\"wp-block-image size-medium is-style-default\"><a href=\"https:\/\/erlebnisweg-honigbiene.ch\/wp-content\/uploads\/2022\/04\/200719_AufdemWeg-54.jpg\"><img decoding=\"async\" loading=\"lazy\" width=\"300\" height=\"225\" src=\"https:\/\/erlebnisweg-honigbiene.ch\/wp-content\/uploads\/2022\/04\/200719_AufdemWeg-54-300x225.jpg\" alt=\"\" class=\"wp-image-305\" srcset=\"https:\/\/erlebnisweg-honigbiene.ch\/wp-content\/uploads\/2022\/04\/200719_AufdemWeg-54-300x225.jpg 300w, https:\/\/erlebnisweg-honigbiene.ch\/wp-content\/uploads\/2022\/04\/200719_AufdemWeg-54.jpg 640w\" sizes=\"(max-width: 300px) 100vw, 300px\" \/><\/a><\/figure>\n\n\n\n<figure class=\"wp-block-image size-medium is-style-default\"><a href=\"https:\/\/erlebnisweg-honigbiene.ch\/wp-content\/uploads\/2022\/04\/200719_AufdemWeg-38.jpg\"><img decoding=\"async\" loading=\"lazy\" width=\"225\" height=\"300\" src=\"https:\/\/erlebnisweg-honigbiene.ch\/wp-content\/uploads\/2022\/04\/200719_AufdemWeg-38-225x300.jpg\" alt=\"\" class=\"wp-image-304\" srcset=\"https:\/\/erlebnisweg-honigbiene.ch\/wp-content\/uploads\/2022\/04\/200719_AufdemWeg-38-225x300.jpg 225w, https:\/\/erlebnisweg-honigbiene.ch\/wp-content\/uploads\/2022\/04\/200719_AufdemWeg-38.jpg 360w\" sizes=\"(max-width: 225px) 100vw, 225px\" \/><\/a><\/figure>\n\n\n\n<figure class=\"wp-block-image size-medium is-style-default\"><a href=\"https:\/\/erlebnisweg-honigbiene.ch\/wp-content\/uploads\/2022\/04\/200719_AufdemWeg-35.jpg\"><img decoding=\"async\" loading=\"lazy\" width=\"300\" height=\"225\" src=\"https:\/\/erlebnisweg-honigbiene.ch\/wp-content\/uploads\/2022\/04\/200719_AufdemWeg-35-300x225.jpg\" alt=\"\" class=\"wp-image-303\" srcset=\"https:\/\/erlebnisweg-honigbiene.ch\/wp-content\/uploads\/2022\/04\/200719_AufdemWeg-35-300x225.jpg 300w, https:\/\/erlebnisweg-honigbiene.ch\/wp-content\/uploads\/2022\/04\/200719_AufdemWeg-35.jpg 640w\" sizes=\"(max-width: 300px) 100vw, 300px\" \/><\/a><\/figure>\n<\/figure>\n<\/div>\n<\/div>\n<\/div><\/div>\n\n\n\n<p>Auf der vier Kilometer langen Wanderung in der eindrucksvollen, vom Rheingletscher geschaffenen, Landschaft am Moosbach erfahren Sie Faszinierendes \u00fcber Biodiversit\u00e4t, die f\u00fcnf Freiheiten der Nutztiere, \u00fcber Artenschutz f\u00fcr Honigbienen und \u00fcber die Forderungen der Honigbiene <em>Apis mellifera<\/em> an <em>Homo sapiens<\/em> \u2013 an uns Menschen.<br><br>Das nat\u00fcrliche Leben der Honigbiene als Wildtier im Wald und ihre einzigartige und herausragende Rolle als \u201e\u00f6kosystemrelevante Schl\u00fcsselspezies\u201c stehen im Fokus.<\/p>\n\n\n\n<figure class=\"is-layout-flex wp-block-gallery-6 wp-block-gallery has-nested-images columns-default is-cropped\">\n<figure class=\"wp-block-image size-large is-style-default\"><a href=\"https:\/\/erlebnisweg-honigbiene.ch\/wp-content\/uploads\/2022\/04\/120702_Schwebefliegen.jpg\"><img decoding=\"async\" loading=\"lazy\" width=\"640\" height=\"480\" data-id=\"296\"  src=\"https:\/\/erlebnisweg-honigbiene.ch\/wp-content\/uploads\/2022\/04\/120702_Schwebefliegen.jpg\" alt=\"\" class=\"wp-image-296\" srcset=\"https:\/\/erlebnisweg-honigbiene.ch\/wp-content\/uploads\/2022\/04\/120702_Schwebefliegen.jpg 640w, https:\/\/erlebnisweg-honigbiene.ch\/wp-content\/uploads\/2022\/04\/120702_Schwebefliegen-300x225.jpg 300w\" sizes=\"(max-width: 640px) 100vw, 640px\" \/><\/a><\/figure>\n\n\n\n<figure class=\"wp-block-image size-large is-style-default\"><a href=\"https:\/\/erlebnisweg-honigbiene.ch\/wp-content\/uploads\/2022\/04\/200425_Amellifera_Weide_1.jpg\"><img decoding=\"async\" loading=\"lazy\" width=\"640\" height=\"480\" data-id=\"299\"  src=\"https:\/\/erlebnisweg-honigbiene.ch\/wp-content\/uploads\/2022\/04\/200425_Amellifera_Weide_1.jpg\" alt=\"\" class=\"wp-image-299\" srcset=\"https:\/\/erlebnisweg-honigbiene.ch\/wp-content\/uploads\/2022\/04\/200425_Amellifera_Weide_1.jpg 640w, https:\/\/erlebnisweg-honigbiene.ch\/wp-content\/uploads\/2022\/04\/200425_Amellifera_Weide_1-300x225.jpg 300w\" sizes=\"(max-width: 640px) 100vw, 640px\" \/><\/a><\/figure>\n\n\n\n<figure class=\"wp-block-image size-large is-style-default\"><a href=\"https:\/\/erlebnisweg-honigbiene.ch\/wp-content\/uploads\/2021\/07\/Bild1.jpg\"><img decoding=\"async\" loading=\"lazy\" width=\"606\" height=\"909\" data-id=\"265\"  src=\"https:\/\/erlebnisweg-honigbiene.ch\/wp-content\/uploads\/2021\/07\/Bild1.jpg\" alt=\"\" class=\"wp-image-265\" srcset=\"https:\/\/erlebnisweg-honigbiene.ch\/wp-content\/uploads\/2021\/07\/Bild1.jpg 606w, https:\/\/erlebnisweg-honigbiene.ch\/wp-content\/uploads\/2021\/07\/Bild1-200x300.jpg 200w\" sizes=\"(max-width: 606px) 100vw, 606px\" \/><\/a><\/figure>\n\n\n\n<figure class=\"wp-block-image size-large is-style-default\"><a href=\"https:\/\/erlebnisweg-honigbiene.ch\/wp-content\/uploads\/2014\/12\/130607_Schwarm-zugeflogen_3-e1418916266162.jpg\"><img decoding=\"async\" loading=\"lazy\" width=\"1024\" height=\"768\" data-id=\"32\"  src=\"https:\/\/erlebnisweg-honigbiene.ch\/wp-content\/uploads\/2014\/12\/130607_Schwarm-zugeflogen_3-1024x768.jpg\" alt=\"\" class=\"wp-image-32\"\/><\/a><\/figure>\n<\/figure>\n\n\n\n<p><span style=\"font-size: 12pt;\">&nbsp;<br><\/span><\/p>\n\n\n\n<p><em><span style=\"font-size: 8pt;\">Der Erlebnisweg Honigbienen ist eingebunden in das Netz der appenzellischen Wanderwege und der im Vorderland bereits existierenden Themenwege. Er erg\u00e4nzt das touristische Angebot der Standortgemeinde Rehetobel und des Appenzeller Vorderlandes.<\/span><\/em><\/p>\n","protected":false},"excerpt":{"rendered":"<p>auf dem Erlebnisweg Honigbienen Rehetobel. Bienen nehmen im Kreislauf der Natur eine herausragende Rolle ein. Sie dienen uns mit ihren Best\u00e4ubungsleistungen und sind ein Zeiger f\u00fcr ein harmonisches Zusammengehen von Mensch und Natur. Link zum Flyer Jedes Jahr gibt es beim Erlebnisweg Honigbienen zwischen November und April eine Winterpause und die Tafeln werden eingelagert. Auf &hellip; <a href=\"https:\/\/erlebnisweg-honigbiene.ch\/\" class=\"more-link\"><span class=\"screen-reader-text\">willkommen<\/span> weiterlesen <span class=\"meta-nav\">&rarr;<\/span><\/a><\/p>\n","protected":false},"author":1,"featured_media":0,"parent":0,"menu_order":1,"comment_status":"closed","ping_status":"closed","template":"","meta":[],"_links":{"self":[{"href":"https:\/\/erlebnisweg-honigbiene.ch\/index.php?rest_route=\/wp\/v2\/pages\/6"}],"collection":[{"href":"https:\/\/erlebnisweg-honigbiene.ch\/index.php?rest_route=\/wp\/v2\/pages"}],"about":[{"href":"https:\/\/erlebnisweg-honigbiene.ch\/index.php?rest_route=\/wp\/v2\/types\/page"}],"author":[{"embeddable":true,"href":"https:\/\/erlebnisweg-honigbiene.ch\/index.php?rest_route=\/wp\/v2\/users\/1"}],"replies":[{"embeddable":true,"href":"https:\/\/erlebnisweg-honigbiene.ch\/index.php?rest_route=%2Fwp%2Fv2%2Fcomments&post=6"}],"version-history":[{"count":36,"href":"https:\/\/erlebnisweg-honigbiene.ch\/index.php?rest_route=\/wp\/v2\/pages\/6\/revisions"}],"predecessor-version":[{"id":427,"href":"https:\/\/erlebnisweg-honigbiene.ch\/index.php?rest_route=\/wp\/v2\/pages\/6\/revisions\/427"}],"wp:attachment":[{"href":"https:\/\/erlebnisweg-honigbiene.ch\/index.php?rest_route=%2Fwp%2Fv2%2Fmedia&parent=6"}],"curies":[{"name":"wp","href":"https:\/\/api.w.org\/{rel}","templated":true}]}}